{"id":2,"date":"2023-06-08T01:20:53","date_gmt":"2023-06-08T01:20:53","guid":{"rendered":"https:\/\/educalsalud.com\/?page_id=2"},"modified":"2026-03-07T04:21:55","modified_gmt":"2026-03-07T04:21:55","slug":"pagina-ejemplo","status":"publish","type":"page","link":"https:\/\/educalsalud.com\/","title":{"rendered":"\u00a1Bienvenidos a su nuevo espacio! Todo sobre Salud Reproductiva"},"content":{"rendered":"\t\t<div data-elementor-type=\"wp-page\" data-elementor-id=\"2\" class=\"elementor elementor-2\">\n\t\t\t\t\t\t<section class=\"elementor-section elementor-top-section elementor-element elementor-element-4deeb5c elementor-section-boxed elementor-section-height-default elementor-section-height-default\" data-id=\"4deeb5c\" data-element_type=\"section\">\n\t\t\t\t\t\t<div class=\"elementor-container elementor-column-gap-default\">\n\t\t\t\t\t<div class=\"elementor-column elementor-col-100 elementor-top-column elementor-element elementor-element-6c3708d\" data-id=\"6c3708d\" data-element_type=\"column\">\n\t\t\t<div class=\"elementor-widget-wrap elementor-element-populated\">\n\t\t\t\t\t\t<div class=\"elementor-element elementor-element-5320ce0 elementor-widget elementor-widget-image\" data-id=\"5320ce0\" data-element_type=\"widget\" data-widget_type=\"image.default\">\n\t\t\t\t<div class=\"elementor-widget-container\">\n\t\t\t\t\t\t\t\t\t\t\t\t\t\t\t<img fetchpriority=\"high\" decoding=\"async\" width=\"640\" height=\"426\" src=\"https:\/\/educalsalud.com\/wp-content\/uploads\/2026\/03\/IMG-20260306-WA0032-1024x682.jpg\" class=\"attachment-large size-large wp-image-230\" alt=\"\" srcset=\"https:\/\/educalsalud.com\/wp-content\/uploads\/2026\/03\/IMG-20260306-WA0032-1024x682.jpg 1024w, https:\/\/educalsalud.com\/wp-content\/uploads\/2026\/03\/IMG-20260306-WA0032-300x200.jpg 300w, https:\/\/educalsalud.com\/wp-content\/uploads\/2026\/03\/IMG-20260306-WA0032-768x512.jpg 768w, https:\/\/educalsalud.com\/wp-content\/uploads\/2026\/03\/IMG-20260306-WA0032.jpg 1280w\" sizes=\"(max-width: 640px) 100vw, 640px\" \/>\t\t\t\t\t\t\t\t\t\t\t\t\t\t\t<\/div>\n\t\t\t\t<\/div>\n\t\t\t\t\t<\/div>\n\t\t<\/div>\n\t\t\t\t\t<\/div>\n\t\t<\/section>\n\t\t\t\t<section class=\"elementor-section elementor-top-section elementor-element elementor-element-fe37349 elementor-section-boxed elementor-section-height-default elementor-section-height-default\" data-id=\"fe37349\" data-element_type=\"section\">\n\t\t\t\t\t\t<div class=\"elementor-container elementor-column-gap-default\">\n\t\t\t\t\t<div class=\"elementor-column elementor-col-100 elementor-top-column elementor-element elementor-element-c4b5c08\" data-id=\"c4b5c08\" data-element_type=\"column\">\n\t\t\t<div class=\"elementor-widget-wrap elementor-element-populated\">\n\t\t\t\t\t\t<div class=\"elementor-element elementor-element-068bb9a elementor-widget elementor-widget-text-editor\" data-id=\"068bb9a\" data-element_type=\"widget\" data-widget_type=\"text-editor.default\">\n\t\t\t\t<div class=\"elementor-widget-container\">\n\t\t\t\t\t\t\t\t\t<p>Hola a todos. Este sitio web est\u00e1 dise\u00f1ado especialmente para ustedes. Entrar a la adolescencia trae consigo un mont\u00f3n de cambios, dudas y descubrimientos. Aqu\u00ed van a encontrar un lugar seguro, con informaci\u00f3n clara, cient\u00edfica y sin tab\u00faes para entender mejor su cuerpo, sus emociones y su salud. \u00a1No hay preguntas tontas!<\/p><p>Todo el contenido y las presentaciones que encontrar\u00e1s en esta plataforma fueron dise\u00f1ados por estudiantes de la Licenciatura en Enfermer\u00eda. Ellos prepararon este material con much\u00edsimo cuidado para explicarte temas m\u00e9dicos importantes de una forma sencilla, din\u00e1mica y s\u00faper interesante. Es tu biblioteca digital para explorar y aprender a tu propio ritmo.<\/p><p><strong>\u00bfListo para empezar? Explora las secciones de ARRIBA y descubre el material que hicimos para ti.<\/strong><\/p>\t\t\t\t\t\t\t\t<\/div>\n\t\t\t\t<\/div>\n\t\t\t\t\t<\/div>\n\t\t<\/div>\n\t\t\t\t\t<\/div>\n\t\t<\/section>\n\t\t\t\t<section class=\"elementor-section elementor-top-section elementor-element elementor-element-8293e2e elementor-section-boxed elementor-section-height-default elementor-section-height-default\" data-id=\"8293e2e\" data-element_type=\"section\">\n\t\t\t\t\t\t<div class=\"elementor-container elementor-column-gap-default\">\n\t\t\t\t\t<div class=\"elementor-column elementor-col-100 elementor-top-column elementor-element elementor-element-ed945d0\" data-id=\"ed945d0\" data-element_type=\"column\">\n\t\t\t<div class=\"elementor-widget-wrap elementor-element-populated\">\n\t\t\t\t\t\t<div class=\"elementor-element elementor-element-c3ac628 elementor-widget elementor-widget-image\" data-id=\"c3ac628\" data-element_type=\"widget\" data-widget_type=\"image.default\">\n\t\t\t\t<div class=\"elementor-widget-container\">\n\t\t\t\t\t\t\t\t\t\t\t\t\t\t\t<img decoding=\"async\" width=\"640\" height=\"853\" src=\"https:\/\/educalsalud.com\/wp-content\/uploads\/2026\/03\/IMG-20260306-WA0010-768x1024.jpg\" class=\"attachment-large size-large wp-image-252\" alt=\"\" srcset=\"https:\/\/educalsalud.com\/wp-content\/uploads\/2026\/03\/IMG-20260306-WA0010-768x1024.jpg 768w, https:\/\/educalsalud.com\/wp-content\/uploads\/2026\/03\/IMG-20260306-WA0010-225x300.jpg 225w, https:\/\/educalsalud.com\/wp-content\/uploads\/2026\/03\/IMG-20260306-WA0010-1152x1536.jpg 1152w, https:\/\/educalsalud.com\/wp-content\/uploads\/2026\/03\/IMG-20260306-WA0010.jpg 1200w\" sizes=\"(max-width: 640px) 100vw, 640px\" \/>\t\t\t\t\t\t\t\t\t\t\t\t\t\t\t<\/div>\n\t\t\t\t<\/div>\n\t\t\t\t\t<\/div>\n\t\t<\/div>\n\t\t\t\t\t<\/div>\n\t\t<\/section>\n\t\t\t\t<\/div>\n\t\t","protected":false},"excerpt":{"rendered":"<p>Hola a todos. Este sitio web est\u00e1 dise\u00f1ado especialmente para ustedes. Entrar a la adolescencia trae consigo un mont\u00f3n de cambios, dudas y descubrimientos. Aqu\u00ed van a encontrar un lugar seguro, con informaci\u00f3n clara, cient\u00edfica y sin tab\u00faes para entender mejor su cuerpo, sus emociones y su salud. \u00a1No hay preguntas tontas! Todo el contenido [&hellip;]<\/p>\n","protected":false},"author":1,"featured_media":0,"parent":0,"menu_order":0,"comment_status":"closed","ping_status":"open","template":"","meta":{"footnotes":""},"class_list":["post-2","page","type-page","status-publish","hentry"],"_links":{"self":[{"href":"https:\/\/educalsalud.com\/index.php\/wp-json\/wp\/v2\/pages\/2","targetHints":{"allow":["GET"]}}],"collection":[{"href":"https:\/\/educalsalud.com\/index.php\/wp-json\/wp\/v2\/pages"}],"about":[{"href":"https:\/\/educalsalud.com\/index.php\/wp-json\/wp\/v2\/types\/page"}],"author":[{"embeddable":true,"href":"https:\/\/educalsalud.com\/index.php\/wp-json\/wp\/v2\/users\/1"}],"replies":[{"embeddable":true,"href":"https:\/\/educalsalud.com\/index.php\/wp-json\/wp\/v2\/comments?post=2"}],"version-history":[{"count":90,"href":"https:\/\/educalsalud.com\/index.php\/wp-json\/wp\/v2\/pages\/2\/revisions"}],"predecessor-version":[{"id":354,"href":"https:\/\/educalsalud.com\/index.php\/wp-json\/wp\/v2\/pages\/2\/revisions\/354"}],"wp:attachment":[{"href":"https:\/\/educalsalud.com\/index.php\/wp-json\/wp\/v2\/media?parent=2"}],"curies":[{"name":"wp","href":"https:\/\/api.w.org\/{rel}","templated":true}]}}